{"id":2554,"date":"2020-08-12T14:48:14","date_gmt":"2020-08-12T14:48:14","guid":{"rendered":"https:\/\/portugalheritagetours.com\/?page_id=2554"},"modified":"2023-09-21T09:56:44","modified_gmt":"2023-09-21T09:56:44","slug":"lost-evora","status":"publish","type":"page","link":"https:\/\/portugalheritagetours.com\/en\/lost-evora\/","title":{"rendered":"Lost \u00c9vora Tour"},"content":{"rendered":"\t\t<div data-elementor-type=\"wp-post\" data-elementor-id=\"2554\" class=\"elementor elementor-2554 elementor-1757\">\n\t\t\t\t\t\t<div class=\"elementor-inner\">\n\t\t\t\t<div class=\"elementor-section-wrap\">\n\t\t\t\t\t\t\t\t\t<section class=\"elementor-section elementor-top-section elementor-element elementor-element-882f511 elementor-section-content-middle elementor-section-boxed elementor-section-height-default elementor-section-height-default\" data-id=\"882f511\" data-element_type=\"section\" data-settings=\"{&quot;background_background&quot;:&quot;classic&quot;}\">\n\t\t\t\t\t\t\t<div class=\"elementor-background-overlay\"><\/div>\n\t\t\t\t\t\t\t<div class=\"elementor-container elementor-column-gap-default\">\n\t\t\t\t\t\t\t<div class=\"elementor-row\">\n\t\t\t\t\t<div class=\"elementor-column elementor-col-100 elementor-top-column elementor-element elementor-element-1b6f5ef\" data-id=\"1b6f5ef\" data-element_type=\"column\">\n\t\t\t<div class=\"elementor-column-wrap elementor-element-populated\">\n\t\t\t\t\t\t\t<div class=\"elementor-widget-wrap\">\n\t\t\t\t\t\t<div class=\"elementor-element elementor-element-a42e522 elementor-view-default elementor-widget elementor-widget-icon\" data-id=\"a42e522\" data-element_type=\"widget\" data-widget_type=\"icon.default\">\n\t\t\t\t<div class=\"elementor-widget-container\">\n\t\t\t\t\t<div class=\"elementor-icon-wrapper\">\n\t\t\t<div class=\"elementor-icon\">\n\t\t\t<i aria-hidden=\"true\" class=\"fas fa-university\"><\/i>\t\t\t<\/div>\n\t\t<\/div>\n\t\t\t\t<\/div>\n\t\t\t\t<\/div>\n\t\t\t\t<div class=\"elementor-element elementor-element-ff551b3 elementor-widget elementor-widget-heading\" data-id=\"ff551b3\" data-element_type=\"widget\" data-widget_type=\"heading.default\">\n\t\t\t\t<div class=\"elementor-widget-container\">\n\t\t\t<h6 class=\"elementor-heading-title elementor-size-default\">UNIQUE EXPERIENCE | \u00c9VORA | 2 HOURS<\/h6>\t\t<\/div>\n\t\t\t\t<\/div>\n\t\t\t\t<div class=\"elementor-element elementor-element-4071aae elementor-widget elementor-widget-heading\" data-id=\"4071aae\" data-element_type=\"widget\" data-widget_type=\"heading.default\">\n\t\t\t\t<div class=\"elementor-widget-container\">\n\t\t\t<h1 class=\"elementor-heading-title elementor-size-default\">Lost \u00c9vora Tour<\/h1>\t\t<\/div>\n\t\t\t\t<\/div>\n\t\t\t\t\t\t<\/div>\n\t\t\t\t\t<\/div>\n\t\t<\/div>\n\t\t\t\t\t\t\t\t<\/div>\n\t\t\t\t\t<\/div>\n\t\t<\/section>\n\t\t\t\t<section class=\"elementor-section elementor-top-section elementor-element elementor-element-9d7cb9f elementor-section-boxed elementor-section-height-default elementor-section-height-default\" data-id=\"9d7cb9f\" data-element_type=\"section\">\n\t\t\t\t\t\t<div class=\"elementor-container elementor-column-gap-default\">\n\t\t\t\t\t\t\t<div class=\"elementor-row\">\n\t\t\t\t\t<div class=\"elementor-column elementor-col-100 elementor-top-column elementor-element elementor-element-68f8811\" data-id=\"68f8811\" data-element_type=\"column\">\n\t\t\t<div class=\"elementor-column-wrap elementor-element-populated\">\n\t\t\t\t\t\t\t<div class=\"elementor-widget-wrap\">\n\t\t\t\t\t\t<div class=\"elementor-element elementor-element-bfe9035 elementor-widget elementor-widget-spacer\" data-id=\"bfe9035\" data-element_type=\"widget\" data-widget_type=\"spacer.default\">\n\t\t\t\t<div class=\"elementor-widget-container\">\n\t\t\t\t\t<div class=\"elementor-spacer\">\n\t\t\t<div class=\"elementor-spacer-inner\"><\/div>\n\t\t<\/div>\n\t\t\t\t<\/div>\n\t\t\t\t<\/div>\n\t\t\t\t\t\t<\/div>\n\t\t\t\t\t<\/div>\n\t\t<\/div>\n\t\t\t\t\t\t\t\t<\/div>\n\t\t\t\t\t<\/div>\n\t\t<\/section>\n\t\t\t\t<section class=\"elementor-section elementor-top-section elementor-element elementor-element-33db604 elementor-section-boxed elementor-section-height-default elementor-section-height-default\" data-id=\"33db604\" data-element_type=\"section\">\n\t\t\t\t\t\t<div class=\"elementor-container elementor-column-gap-default\">\n\t\t\t\t\t\t\t<div class=\"elementor-row\">\n\t\t\t\t\t<div class=\"elementor-column elementor-col-50 elementor-top-column elementor-element elementor-element-0f9c195\" data-id=\"0f9c195\" data-element_type=\"column\">\n\t\t\t<div class=\"elementor-column-wrap elementor-element-populated\">\n\t\t\t\t\t\t\t<div class=\"elementor-widget-wrap\">\n\t\t\t\t\t\t<div class=\"elementor-element elementor-element-ac97bb0 elementor-widget elementor-widget-text-editor\" data-id=\"ac97bb0\" data-element_type=\"widget\" data-widget_type=\"text-editor.default\">\n\t\t\t\t<div class=\"elementor-widget-container\">\n\t\t\t\t\t\t\t\t<div class=\"elementor-text-editor elementor-clearfix\">\n\t\t\t\t<p>Discover the historical and artistic heritage of an \u00c9vora that no\u00a0longer exists, on a pedestrian trail through convents, churches and\u00a0other destroyed or fragmented spaces, \u201cvictims\u201d of late 19th century\u00a0progress: \u201carmed\u201d with photographs from over 100 years\u00a0ago, we\u2019ll discover a missing \u00c9vora World Heritage Site.<\/p><p><strong><u>Location<\/u><\/strong><strong>:<\/strong><br \/><span class=\"TextRun SCXW8477222 BCX0\" lang=\"PT-PT\" xml:lang=\"PT-PT\" data-contrast=\"auto\"><span class=\"NormalTextRun SCXW8477222 BCX0\">\u00c9vora.<\/span><\/span><\/p><p><strong><u>Price<\/u><\/strong><strong>:<\/strong><br \/><span class=\"TextRun SCXW50207750 BCX0\" lang=\"EN-US\" xml:lang=\"EN-US\" data-contrast=\"auto\"><span class=\"NormalTextRun SCXW50207750 BCX0\">price on request; minimum of 2 people<\/span><\/span><span class=\"TextRun Highlight SCXW50207750 BCX0\" lang=\"EN-US\" xml:lang=\"EN-US\" data-contrast=\"none\"><span class=\"NormalTextRun SCXW50207750 BCX0\">.<\/span><\/span><\/p><p><strong><u>Duration<\/u><\/strong><strong>:<br \/><\/strong>2 hours.<\/p><p><strong><u>Conditions<\/u><\/strong><strong>:<br \/><\/strong><span class=\"TextRun Highlight SCXW68519863 BCX0\" lang=\"EN-US\" xml:lang=\"EN-US\" data-contrast=\"none\"><span class=\"NormalTextRun SCXW68519863 BCX0\">Available every day in Portuguese, English, Spanish (and French according to previous quote). Booking with minimum of 5 working days.<\/span><\/span><span class=\"EOP SCXW68519863 BCX0\" data-ccp-props=\"{\">\u00a0<\/span><\/p><p><strong><u>Includes<\/u><\/strong><strong>:<br \/><\/strong><span class=\"TextRun Highlight SCXW86180817 BCX0\" lang=\"EN-US\" xml:lang=\"EN-US\" data-contrast=\"none\"><span class=\"NormalTextRun SCXW86180817 BCX0\">Heritage Interpreter accompaniment, Personal accidents insurance<\/span><span class=\"NormalTextRun SCXW86180817 BCX0\">, VAT.<\/span><\/span><span class=\"EOP SCXW86180817 BCX0\" data-ccp-props=\"{\">\u00a0<\/span><\/p>\t\t\t\t\t<\/div>\n\t\t\t\t\t\t<\/div>\n\t\t\t\t<\/div>\n\t\t\t\t\t\t<\/div>\n\t\t\t\t\t<\/div>\n\t\t<\/div>\n\t\t\t\t<div class=\"elementor-column elementor-col-50 elementor-top-column elementor-element elementor-element-937096e\" data-id=\"937096e\" data-element_type=\"column\" data-settings=\"{&quot;background_background&quot;:&quot;classic&quot;}\">\n\t\t\t<div class=\"elementor-column-wrap elementor-element-populated\">\n\t\t\t\t\t\t\t<div class=\"elementor-widget-wrap\">\n\t\t\t\t\t\t<section class=\"elementor-section elementor-inner-section elementor-element elementor-element-4fc6f25 elementor-section-content-middle elementor-section-boxed elementor-section-height-default elementor-section-height-default\" data-id=\"4fc6f25\" data-element_type=\"section\">\n\t\t\t\t\t\t<div class=\"elementor-container elementor-column-gap-default\">\n\t\t\t\t\t\t\t<div class=\"elementor-row\">\n\t\t\t\t\t<div class=\"elementor-column elementor-col-50 elementor-inner-column elementor-element elementor-element-279ae5d\" data-id=\"279ae5d\" data-element_type=\"column\">\n\t\t\t<div class=\"elementor-column-wrap elementor-element-populated\">\n\t\t\t\t\t\t\t<div class=\"elementor-widget-wrap\">\n\t\t\t\t\t\t<div class=\"elementor-element elementor-element-df090f6 elementor-widget elementor-widget-text-editor\" data-id=\"df090f6\" data-element_type=\"widget\" data-widget_type=\"text-editor.default\">\n\t\t\t\t<div class=\"elementor-widget-container\">\n\t\t\t\t\t\t\t\t<div class=\"elementor-text-editor elementor-clearfix\">\n\t\t\t\t<p>Prices under consultation<\/p>\t\t\t\t\t<\/div>\n\t\t\t\t\t\t<\/div>\n\t\t\t\t<\/div>\n\t\t\t\t\t\t<\/div>\n\t\t\t\t\t<\/div>\n\t\t<\/div>\n\t\t\t\t<div class=\"elementor-column elementor-col-50 elementor-inner-column elementor-element elementor-element-6bc7cb2\" data-id=\"6bc7cb2\" data-element_type=\"column\">\n\t\t\t<div class=\"elementor-column-wrap elementor-element-populated\">\n\t\t\t\t\t\t\t<div class=\"elementor-widget-wrap\">\n\t\t\t\t\t\t<div class=\"elementor-element elementor-element-3de2db1 elementor-widget elementor-widget-text-editor\" data-id=\"3de2db1\" data-element_type=\"widget\" data-widget_type=\"text-editor.default\">\n\t\t\t\t<div class=\"elementor-widget-container\">\n\t\t\t\t\t\t\t\t<div class=\"elementor-text-editor elementor-clearfix\">\n\t\t\t\t<p>3 hours<\/p>\t\t\t\t\t<\/div>\n\t\t\t\t\t\t<\/div>\n\t\t\t\t<\/div>\n\t\t\t\t\t\t<\/div>\n\t\t\t\t\t<\/div>\n\t\t<\/div>\n\t\t\t\t\t\t\t\t<\/div>\n\t\t\t\t\t<\/div>\n\t\t<\/section>\n\t\t\t\t<div class=\"elementor-element elementor-element-cb381ee elementor-widget elementor-widget-spacer\" data-id=\"cb381ee\" data-element_type=\"widget\" data-widget_type=\"spacer.default\">\n\t\t\t\t<div class=\"elementor-widget-container\">\n\t\t\t\t\t<div class=\"elementor-spacer\">\n\t\t\t<div class=\"elementor-spacer-inner\"><\/div>\n\t\t<\/div>\n\t\t\t\t<\/div>\n\t\t\t\t<\/div>\n\t\t\t\t<div class=\"elementor-element elementor-element-019659e elementor-widget elementor-widget-text-editor\" data-id=\"019659e\" data-element_type=\"widget\" data-widget_type=\"text-editor.default\">\n\t\t\t\t<div class=\"elementor-widget-container\">\n\t\t\t\t\t\t\t\t<div class=\"elementor-text-editor elementor-clearfix\">\n\t\t\t\t<p>Reservations are subject to availability and options validation.<br \/>Click to request your reservation.<\/p>\t\t\t\t\t<\/div>\n\t\t\t\t\t\t<\/div>\n\t\t\t\t<\/div>\n\t\t\t\t<div class=\"elementor-element elementor-element-89bf674 elementor-widget elementor-widget-spacer\" data-id=\"89bf674\" data-element_type=\"widget\" data-widget_type=\"spacer.default\">\n\t\t\t\t<div class=\"elementor-widget-container\">\n\t\t\t\t\t<div class=\"elementor-spacer\">\n\t\t\t<div class=\"elementor-spacer-inner\"><\/div>\n\t\t<\/div>\n\t\t\t\t<\/div>\n\t\t\t\t<\/div>\n\t\t\t\t<div class=\"elementor-element elementor-element-83089fb elementor-align-center elementor-widget elementor-widget-button\" data-id=\"83089fb\" data-element_type=\"widget\" data-widget_type=\"button.default\">\n\t\t\t\t<div class=\"elementor-widget-container\">\n\t\t\t\t\t<div class=\"elementor-button-wrapper\">\n\t\t\t<a href=\"https:\/\/portugalheritagetours.com\/en\/reservation-form\/\" target=\"_blank\" class=\"elementor-button-link elementor-button elementor-size-sm elementor-animation-grow\" role=\"button\">\n\t\t\t\t\t\t<span class=\"elementor-button-content-wrapper\">\n\t\t\t\t\t\t<span class=\"elementor-button-text\">book now<\/span>\n\t\t<\/span>\n\t\t\t\t\t<\/a>\n\t\t<\/div>\n\t\t\t\t<\/div>\n\t\t\t\t<\/div>\n\t\t\t\t\t\t<\/div>\n\t\t\t\t\t<\/div>\n\t\t<\/div>\n\t\t\t\t\t\t\t\t<\/div>\n\t\t\t\t\t<\/div>\n\t\t<\/section>\n\t\t\t\t<section class=\"elementor-section elementor-top-section elementor-element elementor-element-cf62f6a elementor-section-boxed elementor-section-height-default elementor-section-height-default\" data-id=\"cf62f6a\" data-element_type=\"section\">\n\t\t\t\t\t\t<div class=\"elementor-container elementor-column-gap-default\">\n\t\t\t\t\t\t\t<div class=\"elementor-row\">\n\t\t\t\t\t<div class=\"elementor-column elementor-col-100 elementor-top-column elementor-element elementor-element-56ad9dc\" data-id=\"56ad9dc\" data-element_type=\"column\">\n\t\t\t<div class=\"elementor-column-wrap elementor-element-populated\">\n\t\t\t\t\t\t\t<div class=\"elementor-widget-wrap\">\n\t\t\t\t\t\t<div class=\"elementor-element elementor-element-c297641 elementor-arrows-position-inside elementor-widget elementor-widget-image-carousel\" data-id=\"c297641\" data-element_type=\"widget\" data-settings=\"{&quot;slides_to_show&quot;:&quot;2&quot;,&quot;navigation&quot;:&quot;arrows&quot;,&quot;autoplay&quot;:&quot;yes&quot;,&quot;pause_on_hover&quot;:&quot;yes&quot;,&quot;pause_on_interaction&quot;:&quot;yes&quot;,&quot;autoplay_speed&quot;:5000,&quot;infinite&quot;:&quot;yes&quot;,&quot;speed&quot;:500}\" data-widget_type=\"image-carousel.default\">\n\t\t\t\t<div class=\"elementor-widget-container\">\n\t\t\t\t\t<div class=\"elementor-image-carousel-wrapper swiper-container\" dir=\"ltr\">\n\t\t\t<div class=\"elementor-image-carousel swiper-wrapper\">\n\t\t\t\t\t\t\t\t<div class=\"swiper-slide\"><figure class=\"swiper-slide-inner\"><img class=\"swiper-slide-image\" src=\"https:\/\/portugalheritagetours.com\/wp-content\/uploads\/2020\/08\/IMG_5582-1024x683.jpg\" alt=\"IMG_5582\" \/><\/figure><\/div><div class=\"swiper-slide\"><figure class=\"swiper-slide-inner\"><img class=\"swiper-slide-image\" src=\"https:\/\/portugalheritagetours.com\/wp-content\/uploads\/2020\/08\/3.-Evora-Desaparecida-Tour-1024x683.jpg\" alt=\"3. Evora Desaparecida Tour\" \/><\/figure><\/div><div class=\"swiper-slide\"><figure class=\"swiper-slide-inner\"><img class=\"swiper-slide-image\" src=\"https:\/\/portugalheritagetours.com\/wp-content\/uploads\/2020\/08\/2.-Evora-Desaparecida-Tour-1024x768.jpg\" alt=\"2. Evora Desaparecida Tour\" \/><\/figure><\/div><div class=\"swiper-slide\"><figure class=\"swiper-slide-inner\"><img class=\"swiper-slide-image\" src=\"https:\/\/portugalheritagetours.com\/wp-content\/uploads\/2020\/08\/IMG_4013-1024x683.jpg\" alt=\"IMG_4013\" \/><\/figure><\/div><div class=\"swiper-slide\"><figure class=\"swiper-slide-inner\"><img class=\"swiper-slide-image\" src=\"https:\/\/portugalheritagetours.com\/wp-content\/uploads\/2020\/06\/IMG_4005-copy-1024x597.jpg\" alt=\"IMG_4005 copy\" \/><\/figure><\/div>\t\t\t<\/div>\n\t\t\t\t\t\t\t\t\t\t\t\t\t\t\t\t<div class=\"elementor-swiper-button elementor-swiper-button-prev\">\n\t\t\t\t\t\t<i aria-hidden=\"true\" class=\"eicon-chevron-left\"><\/i>\t\t\t\t\t\t<span class=\"elementor-screen-only\">Previous<\/span>\n\t\t\t\t\t<\/div>\n\t\t\t\t\t<div class=\"elementor-swiper-button elementor-swiper-button-next\">\n\t\t\t\t\t\t<i aria-hidden=\"true\" class=\"eicon-chevron-right\"><\/i>\t\t\t\t\t\t<span class=\"elementor-screen-only\">Next<\/span>\n\t\t\t\t\t<\/div>\n\t\t\t\t\t\t\t\t\t<\/div>\n\t\t\t\t<\/div>\n\t\t\t\t<\/div>\n\t\t\t\t\t\t<\/div>\n\t\t\t\t\t<\/div>\n\t\t<\/div>\n\t\t\t\t\t\t\t\t<\/div>\n\t\t\t\t\t<\/div>\n\t\t<\/section>\n\t\t\t\t\t\t\t\t\t<\/div>\n\t\t\t<\/div>\n\t\t\t\t\t<\/div>\n\t\t","protected":false},"excerpt":{"rendered":"<p>UNIQUE EXPERIENCE | \u00c9VORA | 2 HOURS Lost \u00c9vora Tour Discover the historical and artistic heritage of an \u00c9vora that no\u00a0longer exists, on a pedestrian trail through convents, churches and\u00a0other destroyed or fragmented spaces, \u201cvictims\u201d of late 19th century\u00a0progress: \u201carmed\u201d with photographs from over 100 years\u00a0ago, we\u2019ll discover a missing \u00c9vora World Heritage Site. Location:\u00c9vora. &hellip;<\/p>\n<p class=\"read-more\"> <a class=\"\" href=\"https:\/\/portugalheritagetours.com\/en\/lost-evora\/\"> <span class=\"screen-reader-text\">Lost \u00c9vora Tour<\/span> Read More \u00bb<\/a><\/p>\n","protected":false},"author":1,"featured_media":0,"parent":0,"menu_order":0,"comment_status":"closed","ping_status":"closed","template":"","meta":{"site-sidebar-layout":"no-sidebar","site-content-layout":"page-builder","ast-main-header-display":"","ast-hfb-above-header-display":"","ast-hfb-below-header-display":"","ast-hfb-mobile-header-display":"","site-post-title":"disabled","ast-breadcrumbs-content":"","ast-featured-img":"disabled","footer-sml-layout":"","theme-transparent-header-meta":"enabled","adv-header-id-meta":"","stick-header-meta":"default","header-above-stick-meta":"","header-main-stick-meta":"","header-below-stick-meta":""},"yoast_head":"<!-- This site is optimized with the Yoast SEO plugin v18.3 - https:\/\/yoast.com\/wordpress\/plugins\/seo\/ -->\n<title>Lost \u00c9vora Tour - Portugal Heritage Tours<\/title>\n<meta name=\"robots\" content=\"index, follow, max-snippet:-1, max-image-preview:large, max-video-preview:-1\" \/>\n<link rel=\"canonical\" href=\"https:\/\/portugalheritagetours.com\/evora-desaparecida\/\" \/>\n<meta property=\"og:locale\" content=\"en_US\" \/>\n<meta property=\"og:type\" content=\"article\" \/>\n<meta property=\"og:title\" content=\"Lost \u00c9vora Tour - Portugal Heritage Tours\" \/>\n<meta property=\"og:description\" content=\"UNIQUE EXPERIENCE | \u00c9VORA | 2 HOURS Lost \u00c9vora Tour Discover the historical and artistic heritage of an \u00c9vora that no\u00a0longer exists, on a pedestrian trail through convents, churches and\u00a0other destroyed or fragmented spaces, \u201cvictims\u201d of late 19th century\u00a0progress: \u201carmed\u201d with photographs from over 100 years\u00a0ago, we\u2019ll discover a missing \u00c9vora World Heritage Site. Location:\u00c9vora. &hellip; Lost \u00c9vora Tour Read More \u00bb\" \/>\n<meta property=\"og:url\" content=\"https:\/\/portugalheritagetours.com\/evora-desaparecida\/\" \/>\n<meta property=\"og:site_name\" content=\"Portugal Heritage Tours\" \/>\n<meta property=\"article:modified_time\" content=\"2023-09-21T09:56:44+00:00\" \/>\n<meta property=\"og:image\" content=\"https:\/\/portugalheritagetours.com\/wp-content\/uploads\/2020\/08\/IMG_5582-1024x683.jpg\" \/>\n<meta name=\"twitter:card\" content=\"summary_large_image\" \/>\n<meta name=\"twitter:label1\" content=\"Est. reading time\" \/>\n\t<meta name=\"twitter:data1\" content=\"3 minutes\" \/>\n<script type=\"application\/ld+json\" class=\"yoast-schema-graph\">{\"@context\":\"https:\/\/schema.org\",\"@graph\":[{\"@type\":\"WebSite\",\"@id\":\"https:\/\/portugalheritagetours.com\/#website\",\"url\":\"https:\/\/portugalheritagetours.com\/\",\"name\":\"Portugal Heritage Tours\",\"description\":\"Portugal Heritage Tours\",\"potentialAction\":[{\"@type\":\"SearchAction\",\"target\":{\"@type\":\"EntryPoint\",\"urlTemplate\":\"https:\/\/portugalheritagetours.com\/?s={search_term_string}\"},\"query-input\":\"required name=search_term_string\"}],\"inLanguage\":\"en-US\"},{\"@type\":\"ImageObject\",\"@id\":\"https:\/\/portugalheritagetours.com\/evora-desaparecida\/#primaryimage\",\"inLanguage\":\"en-US\",\"url\":\"https:\/\/portugalheritagetours.com\/wp-content\/uploads\/2020\/08\/IMG_5582-1024x683.jpg\",\"contentUrl\":\"https:\/\/portugalheritagetours.com\/wp-content\/uploads\/2020\/08\/IMG_5582-1024x683.jpg\"},{\"@type\":\"WebPage\",\"@id\":\"https:\/\/portugalheritagetours.com\/evora-desaparecida\/#webpage\",\"url\":\"https:\/\/portugalheritagetours.com\/evora-desaparecida\/\",\"name\":\"Lost \u00c9vora Tour - Portugal Heritage Tours\",\"isPartOf\":{\"@id\":\"https:\/\/portugalheritagetours.com\/#website\"},\"primaryImageOfPage\":{\"@id\":\"https:\/\/portugalheritagetours.com\/evora-desaparecida\/#primaryimage\"},\"datePublished\":\"2020-08-12T14:48:14+00:00\",\"dateModified\":\"2023-09-21T09:56:44+00:00\",\"breadcrumb\":{\"@id\":\"https:\/\/portugalheritagetours.com\/evora-desaparecida\/#breadcrumb\"},\"inLanguage\":\"en-US\",\"potentialAction\":[{\"@type\":\"ReadAction\",\"target\":[\"https:\/\/portugalheritagetours.com\/evora-desaparecida\/\"]}]},{\"@type\":\"BreadcrumbList\",\"@id\":\"https:\/\/portugalheritagetours.com\/evora-desaparecida\/#breadcrumb\",\"itemListElement\":[{\"@type\":\"ListItem\",\"position\":1,\"name\":\"In\u00edcio\",\"item\":\"https:\/\/portugalheritagetours.com\/\"},{\"@type\":\"ListItem\",\"position\":2,\"name\":\"Lost \u00c9vora Tour\"}]}]}<\/script>\n<!-- \/ Yoast SEO plugin. -->","yoast_head_json":{"title":"Lost \u00c9vora Tour - Portugal Heritage Tours","robots":{"index":"index","follow":"follow","max-snippet":"max-snippet:-1","max-image-preview":"max-image-preview:large","max-video-preview":"max-video-preview:-1"},"canonical":"https:\/\/portugalheritagetours.com\/evora-desaparecida\/","og_locale":"en_US","og_type":"article","og_title":"Lost \u00c9vora Tour - Portugal Heritage Tours","og_description":"UNIQUE EXPERIENCE | \u00c9VORA | 2 HOURS Lost \u00c9vora Tour Discover the historical and artistic heritage of an \u00c9vora that no\u00a0longer exists, on a pedestrian trail through convents, churches and\u00a0other destroyed or fragmented spaces, \u201cvictims\u201d of late 19th century\u00a0progress: \u201carmed\u201d with photographs from over 100 years\u00a0ago, we\u2019ll discover a missing \u00c9vora World Heritage Site. Location:\u00c9vora. &hellip; Lost \u00c9vora Tour Read More \u00bb","og_url":"https:\/\/portugalheritagetours.com\/evora-desaparecida\/","og_site_name":"Portugal Heritage Tours","article_modified_time":"2023-09-21T09:56:44+00:00","og_image":[{"url":"https:\/\/portugalheritagetours.com\/wp-content\/uploads\/2020\/08\/IMG_5582-1024x683.jpg"}],"twitter_card":"summary_large_image","twitter_misc":{"Est. reading time":"3 minutes"},"schema":{"@context":"https:\/\/schema.org","@graph":[{"@type":"WebSite","@id":"https:\/\/portugalheritagetours.com\/#website","url":"https:\/\/portugalheritagetours.com\/","name":"Portugal Heritage Tours","description":"Portugal Heritage Tours","potentialAction":[{"@type":"SearchAction","target":{"@type":"EntryPoint","urlTemplate":"https:\/\/portugalheritagetours.com\/?s={search_term_string}"},"query-input":"required name=search_term_string"}],"inLanguage":"en-US"},{"@type":"ImageObject","@id":"https:\/\/portugalheritagetours.com\/evora-desaparecida\/#primaryimage","inLanguage":"en-US","url":"https:\/\/portugalheritagetours.com\/wp-content\/uploads\/2020\/08\/IMG_5582-1024x683.jpg","contentUrl":"https:\/\/portugalheritagetours.com\/wp-content\/uploads\/2020\/08\/IMG_5582-1024x683.jpg"},{"@type":"WebPage","@id":"https:\/\/portugalheritagetours.com\/evora-desaparecida\/#webpage","url":"https:\/\/portugalheritagetours.com\/evora-desaparecida\/","name":"Lost \u00c9vora Tour - Portugal Heritage Tours","isPartOf":{"@id":"https:\/\/portugalheritagetours.com\/#website"},"primaryImageOfPage":{"@id":"https:\/\/portugalheritagetours.com\/evora-desaparecida\/#primaryimage"},"datePublished":"2020-08-12T14:48:14+00:00","dateModified":"2023-09-21T09:56:44+00:00","breadcrumb":{"@id":"https:\/\/portugalheritagetours.com\/evora-desaparecida\/#breadcrumb"},"inLanguage":"en-US","potentialAction":[{"@type":"ReadAction","target":["https:\/\/portugalheritagetours.com\/evora-desaparecida\/"]}]},{"@type":"BreadcrumbList","@id":"https:\/\/portugalheritagetours.com\/evora-desaparecida\/#breadcrumb","itemListElement":[{"@type":"ListItem","position":1,"name":"In\u00edcio","item":"https:\/\/portugalheritagetours.com\/"},{"@type":"ListItem","position":2,"name":"Lost \u00c9vora Tour"}]}]}},"_links":{"self":[{"href":"https:\/\/portugalheritagetours.com\/en\/wp-json\/wp\/v2\/pages\/2554"}],"collection":[{"href":"https:\/\/portugalheritagetours.com\/en\/wp-json\/wp\/v2\/pages"}],"about":[{"href":"https:\/\/portugalheritagetours.com\/en\/wp-json\/wp\/v2\/types\/page"}],"author":[{"embeddable":true,"href":"https:\/\/portugalheritagetours.com\/en\/wp-json\/wp\/v2\/users\/1"}],"replies":[{"embeddable":true,"href":"https:\/\/portugalheritagetours.com\/en\/wp-json\/wp\/v2\/comments?post=2554"}],"version-history":[{"count":78,"href":"https:\/\/portugalheritagetours.com\/en\/wp-json\/wp\/v2\/pages\/2554\/revisions"}],"predecessor-version":[{"id":12741,"href":"https:\/\/portugalheritagetours.com\/en\/wp-json\/wp\/v2\/pages\/2554\/revisions\/12741"}],"wp:attachment":[{"href":"https:\/\/portugalheritagetours.com\/en\/wp-json\/wp\/v2\/media?parent=2554"}],"curies":[{"name":"wp","href":"https:\/\/api.w.org\/{rel}","templated":true}]}}